{"id":42,"date":"2020-10-27T23:59:16","date_gmt":"2020-10-27T21:59:16","guid":{"rendered":"http:\/\/vesalanrengas.fi\/raskaskalusto\/?page_id=42"},"modified":"2024-04-06T13:05:17","modified_gmt":"2024-04-06T10:05:17","slug":"yhteystiedot","status":"publish","type":"page","link":"https:\/\/vesalanrengas.fi\/raskaskalusto\/yhteystiedot\/","title":{"rendered":"Yhteystiedot"},"content":{"rendered":"<div id=\"pl-42\"  class=\"panel-layout\" ><div id=\"pg-42-0\"  class=\"panel-grid panel-no-style\" ><div id=\"pgc-42-0-0\"  class=\"panel-grid-cell\" ><div id=\"panel-42-0-0-0\" class=\"so-panel widget widget_sow-editor panel-first-child panel-last-child\" data-index=\"0\" ><div\n\t\t\t\n\t\t\tclass=\"so-widget-sow-editor so-widget-sow-editor-base\"\n\t\t\t\n\t\t>\n<div class=\"siteorigin-widget-tinymce textwidget\">\n\t<h3><span style=\"color: #cedc00;\">Raskas kalusto:<\/span><\/h3>\n<p>Rengassupantie 1, 15880 Hollola<br \/>\nPuh: <a href=\"tel:+358449755723\">+358449755723<\/a><br \/>\n<a href=\"mailto:raskas@vesalanrengas.fi\">raskas@vesalanrengas.fi<\/a><\/p>\n<h3><span style=\"color: #cedc00;\">Henkil\u00f6ajoneuvot:<\/span><\/h3>\n<p>RengarCenter Hollola - Vesalan Rengas<br \/>\nTarmontie 3, 15860 Hollola<\/p>\n<p>Puh: <a href=\"tel:+358408616099\">+358408616099<\/a><br \/>\n<a href=\"mailto:toimisto@vesalanrengas.fi\">toimisto@vesalanrengas.fi<\/a><\/p>\n<p>&nbsp;<\/p>\n<p><strong>Y-tunnus: 3174679-6<\/strong><\/p>\n<p>Aukioloajat:<br \/>\nMa - Pe: 8:00 - 17:00<br \/>\nLa: Suljettu<br \/>\nSu: Suljettu<\/p>\n<p><a href=\"https:\/\/vesalanrengas.fi\/raskaskalusto\/verkkosivujen-tietosuojakaytanto\/\">Verkkosivujen tietosuojak\u00e4yt\u00e4nt\u00f6<\/a><\/p>\n<p><a href=\"https:\/\/vesalanrengas.fi\/raskaskalusto\/privacy-policy\/\">Privacy Policy<\/a><\/p>\n<\/div>\n<\/div><\/div><\/div><\/div><div id=\"pg-42-1\"  class=\"panel-grid panel-no-style\" ><div id=\"pgc-42-1-0\"  class=\"panel-grid-cell\" ><div id=\"panel-42-1-0-0\" class=\"so-panel widget widget_sow-google-map panel-first-child panel-last-child\" data-index=\"1\" ><div\n\t\t\t\n\t\t\tclass=\"so-widget-sow-google-map so-widget-sow-google-map-default-6b23895f316e-42\"\n\t\t\t\n\t\t>\n<div class=\"sow-google-map-canvas\"\n\tstyle=\"\"\n\tid=\"map-canvas-5934db0ef0007f065e9bf311ffd3317f\"\n\tdata-options=\"{&quot;address&quot;:&quot;Rengassupantie 1, 15880 Hollola&quot;,&quot;zoom&quot;:13,&quot;mobileZoom&quot;:13,&quot;gestureHandling&quot;:&quot;greedy&quot;,&quot;disableUi&quot;:false,&quot;markerIcon&quot;:false,&quot;markersDraggable&quot;:false,&quot;markerAtCenter&quot;:true,&quot;markerInfoDisplay&quot;:&quot;click&quot;,&quot;markerInfoMultiple&quot;:true,&quot;markerPositions&quot;:false,&quot;mapName&quot;:false,&quot;mapStyles&quot;:false,&quot;directions&quot;:&quot;&quot;,&quot;apiKey&quot;:&quot;AIzaSyArBo7NDVnbNs27pmwmVhWTAbv-LLF3Fbg&quot;,&quot;breakpoint&quot;:780,&quot;id&quot;:&quot;69f338&quot;}\"\n\tdata-fallback-image=\"{&quot;img&quot;:&quot;&quot;}\"><\/div>\n<\/div><\/div><\/div><\/div><div id=\"pg-42-2\"  class=\"panel-grid panel-has-style\" ><div style=\"background-color: #cedc00; \" class=\"panel-row-style panel-row-style-for-42-2\" ><div id=\"pgc-42-2-0\"  class=\"panel-grid-cell\" ><div id=\"panel-42-2-0-0\" class=\"so-panel widget widget_sow-editor panel-first-child panel-last-child\" data-index=\"2\" ><div\n\t\t\t\n\t\t\tclass=\"so-widget-sow-editor so-widget-sow-editor-base\"\n\t\t\t\n\t\t>\n<div class=\"siteorigin-widget-tinymce textwidget\">\n\t<h2 style=\"text-align: center;\">PALVELEMME Ma-Pe 8-17<\/h2>\n<\/div>\n<\/div><\/div><\/div><\/div><\/div><div id=\"pg-42-3\"  class=\"panel-grid panel-has-style\" ><div style=\"background-color: #111111; \" class=\"panel-row-style panel-row-style-for-42-3\" ><div id=\"pgc-42-3-0\"  class=\"panel-grid-cell\" ><div id=\"panel-42-3-0-0\" class=\"so-panel widget widget_sow-image panel-first-child panel-last-child\" data-index=\"3\" ><div\n\t\t\t\n\t\t\tclass=\"so-widget-sow-image so-widget-sow-image-default-8b5b6f678277-42\"\n\t\t\t\n\t\t>\n<div class=\"sow-image-container\">\n\t\t<img \n\tsrc=\"https:\/\/vesalanrengas.fi\/raskaskalusto\/wp-content\/uploads\/sites\/2\/2020\/10\/rengas-banner7.png\" width=\"960\" height=\"135\" srcset=\"https:\/\/vesalanrengas.fi\/raskaskalusto\/wp-content\/uploads\/sites\/2\/2020\/10\/rengas-banner7.png 960w, https:\/\/vesalanrengas.fi\/raskaskalusto\/wp-content\/uploads\/sites\/2\/2020\/10\/rengas-banner7-300x42.png 300w, https:\/\/vesalanrengas.fi\/raskaskalusto\/wp-content\/uploads\/sites\/2\/2020\/10\/rengas-banner7-768x108.png 768w, https:\/\/vesalanrengas.fi\/raskaskalusto\/wp-content\/uploads\/sites\/2\/2020\/10\/rengas-banner7-750x105.png 750w, https:\/\/vesalanrengas.fi\/raskaskalusto\/wp-content\/uploads\/sites\/2\/2020\/10\/rengas-banner7-400x56.png 400w, https:\/\/vesalanrengas.fi\/raskaskalusto\/wp-content\/uploads\/sites\/2\/2020\/10\/rengas-banner7-430x60.png 430w, https:\/\/vesalanrengas.fi\/raskaskalusto\/wp-content\/uploads\/sites\/2\/2020\/10\/rengas-banner7-150x21.png 150w, https:\/\/vesalanrengas.fi\/raskaskalusto\/wp-content\/uploads\/sites\/2\/2020\/10\/rengas-banner7-100x14.png 100w\" sizes=\"(max-width: 960px) 100vw, 960px\" alt=\"\" \t\tclass=\"so-widget-image\"\/>\n\t<\/div>\n\n<\/div><\/div><\/div><\/div><\/div><\/div>","protected":false},"excerpt":{"rendered":"<p>Raskas kalusto: Rengassupantie 1, 15880 Hollola Puh: +358449755723 raskas@vesalanrengas.fi Henkil\u00f6ajoneuvot: RengarCenter Hollola &#8211; Vesalan Rengas Tarmontie 3, 15860 Hollola Puh: +358408616099 toimisto@vesalanrengas.fi &nbsp; Y-tunnus: 3174679-6 Aukioloajat: Ma &#8211; Pe: 8:00 [&hellip;]<\/p>\n","protected":false},"author":1,"featured_media":0,"parent":0,"menu_order":0,"comment_status":"closed","ping_status":"closed","template":"page_front-page.php","meta":{"footnotes":""},"class_list":["post-42","page","type-page","status-publish","hentry"],"_links":{"self":[{"href":"https:\/\/vesalanrengas.fi\/raskaskalusto\/wp-json\/wp\/v2\/pages\/42","targetHints":{"allow":["GET"]}}],"collection":[{"href":"https:\/\/vesalanrengas.fi\/raskaskalusto\/wp-json\/wp\/v2\/pages"}],"about":[{"href":"https:\/\/vesalanrengas.fi\/raskaskalusto\/wp-json\/wp\/v2\/types\/page"}],"author":[{"embeddable":true,"href":"https:\/\/vesalanrengas.fi\/raskaskalusto\/wp-json\/wp\/v2\/users\/1"}],"replies":[{"embeddable":true,"href":"https:\/\/vesalanrengas.fi\/raskaskalusto\/wp-json\/wp\/v2\/comments?post=42"}],"version-history":[{"count":24,"href":"https:\/\/vesalanrengas.fi\/raskaskalusto\/wp-json\/wp\/v2\/pages\/42\/revisions"}],"predecessor-version":[{"id":311,"href":"https:\/\/vesalanrengas.fi\/raskaskalusto\/wp-json\/wp\/v2\/pages\/42\/revisions\/311"}],"wp:attachment":[{"href":"https:\/\/vesalanrengas.fi\/raskaskalusto\/wp-json\/wp\/v2\/media?parent=42"}],"curies":[{"name":"wp","href":"https:\/\/api.w.org\/{rel}","templated":true}]}}