{"id":24,"date":"2020-10-28T18:46:10","date_gmt":"2020-10-28T16:46:10","guid":{"rendered":"http:\/\/vesalanrengas.fi\/henkiloautot\/?page_id=24"},"modified":"2024-04-06T13:00:35","modified_gmt":"2024-04-06T10:00:35","slug":"etusivu","status":"publish","type":"page","link":"https:\/\/vesalanrengas.fi\/henkiloautot\/","title":{"rendered":"Etusivu"},"content":{"rendered":"<div id=\"pl-24\"  class=\"panel-layout\" ><div id=\"pg-24-0\"  class=\"panel-grid panel-has-style\" ><div style=\"background-color: #ffffff; color: #ffffff; \" class=\"panel-row-style panel-row-style-for-24-0\" ><div id=\"pgc-24-0-0\"  class=\"panel-grid-cell\" ><div id=\"panel-24-0-0-0\" class=\"so-panel widget widget_sow-editor panel-first-child\" data-index=\"0\" ><div class=\"panel-widget-style panel-widget-style-for-24-0-0-0\" ><div\n\t\t\t\n\t\t\tclass=\"so-widget-sow-editor so-widget-sow-editor-base\"\n\t\t\t\n\t\t>\n<div class=\"siteorigin-widget-tinymce textwidget\">\n\t<h2 style=\"text-align: center;\"><a href=\"https:\/\/vesalanrengas.compilator.com\/public\/cms?Id=1&amp;CompanyId=b375f133-1914-452b-99cb-381092493918&amp;branchId=1\" target=\"_blank\" rel=\"noopener\"><img loading=\"lazy\" decoding=\"async\" class=\"alignnone size-full wp-image-342\" src=\"http:\/\/vesalanrengas.fi\/henkiloautot\/wp-content\/uploads\/sites\/3\/2024\/03\/ajanvaraus.jpeg\" alt=\"\" width=\"510\" height=\"180\" srcset=\"https:\/\/vesalanrengas.fi\/henkiloautot\/wp-content\/uploads\/sites\/3\/2024\/03\/ajanvaraus.jpeg 510w, https:\/\/vesalanrengas.fi\/henkiloautot\/wp-content\/uploads\/sites\/3\/2024\/03\/ajanvaraus-300x106.jpeg 300w, https:\/\/vesalanrengas.fi\/henkiloautot\/wp-content\/uploads\/sites\/3\/2024\/03\/ajanvaraus-400x141.jpeg 400w, https:\/\/vesalanrengas.fi\/henkiloautot\/wp-content\/uploads\/sites\/3\/2024\/03\/ajanvaraus-430x152.jpeg 430w, https:\/\/vesalanrengas.fi\/henkiloautot\/wp-content\/uploads\/sites\/3\/2024\/03\/ajanvaraus-150x53.jpeg 150w, https:\/\/vesalanrengas.fi\/henkiloautot\/wp-content\/uploads\/sites\/3\/2024\/03\/ajanvaraus-100x35.jpeg 100w\" sizes=\"auto, (max-width: 510px) 100vw, 510px\" \/><\/a><\/h2>\n<p><img loading=\"lazy\" decoding=\"async\" class=\"aligncenter wp-image-326\" src=\"http:\/\/vesalanrengas.fi\/henkiloautot\/wp-content\/uploads\/sites\/3\/2023\/10\/olemme-muuttaneet-rengastarjous-1024x1024.jpg\" alt=\"\" width=\"640\" height=\"640\" srcset=\"https:\/\/vesalanrengas.fi\/henkiloautot\/wp-content\/uploads\/sites\/3\/2023\/10\/olemme-muuttaneet-rengastarjous-1024x1024.jpg 1024w, https:\/\/vesalanrengas.fi\/henkiloautot\/wp-content\/uploads\/sites\/3\/2023\/10\/olemme-muuttaneet-rengastarjous-300x300.jpg 300w, https:\/\/vesalanrengas.fi\/henkiloautot\/wp-content\/uploads\/sites\/3\/2023\/10\/olemme-muuttaneet-rengastarjous-150x150.jpg 150w, https:\/\/vesalanrengas.fi\/henkiloautot\/wp-content\/uploads\/sites\/3\/2023\/10\/olemme-muuttaneet-rengastarjous-768x768.jpg 768w, https:\/\/vesalanrengas.fi\/henkiloautot\/wp-content\/uploads\/sites\/3\/2023\/10\/olemme-muuttaneet-rengastarjous-750x750.jpg 750w, https:\/\/vesalanrengas.fi\/henkiloautot\/wp-content\/uploads\/sites\/3\/2023\/10\/olemme-muuttaneet-rengastarjous-400x400.jpg 400w, https:\/\/vesalanrengas.fi\/henkiloautot\/wp-content\/uploads\/sites\/3\/2023\/10\/olemme-muuttaneet-rengastarjous-430x430.jpg 430w, https:\/\/vesalanrengas.fi\/henkiloautot\/wp-content\/uploads\/sites\/3\/2023\/10\/olemme-muuttaneet-rengastarjous-100x100.jpg 100w, https:\/\/vesalanrengas.fi\/henkiloautot\/wp-content\/uploads\/sites\/3\/2023\/10\/olemme-muuttaneet-rengastarjous.jpg 1080w\" sizes=\"auto, (max-width: 640px) 100vw, 640px\" \/><\/p>\n<\/div>\n<\/div><\/div><\/div><div id=\"panel-24-0-0-1\" class=\"so-panel widget widget_sow-editor panel-last-child\" data-index=\"1\" ><div class=\"panel-widget-style panel-widget-style-for-24-0-0-1\" ><div\n\t\t\t\n\t\t\tclass=\"so-widget-sow-editor so-widget-sow-editor-base\"\n\t\t\t\n\t\t>\n<div class=\"siteorigin-widget-tinymce textwidget\">\n\t<p style=\"text-align: center;\"><span style=\"color: #000000;\">Vesalan Rengas on Hollolassa toimiva yritys, joka myy renkaita ja tarjoaa renkaiden kausis\u00e4ilytyst\u00e4, rengast\u00f6it\u00e4 sek\u00e4 rengasasennuksia.<\/span><\/p>\n<p style=\"text-align: center;\"><span style=\"color: #000000;\">Saat meilt\u00e4 tarvitsemasi rengashuollot, uudet renkaat, renkaiden kausis\u00e4ilytykset sek\u00e4 rengasty\u00f6t.<\/span><\/p>\n<\/div>\n<\/div><\/div><\/div><\/div><\/div><\/div><div id=\"pg-24-1\"  class=\"panel-grid panel-has-style\" ><div style=\"background-color: #ffffff; color: #ffffff; \" class=\"panel-row-style panel-row-style-for-24-1\" ><div id=\"pgc-24-1-0\"  class=\"panel-grid-cell\" ><div id=\"panel-24-1-0-0\" class=\"so-panel widget widget_moesia_services moesia_services_widget panel-first-child panel-last-child\" data-index=\"2\" ><div class=\"panel-widget-style panel-widget-style-for-24-1-0-0\" >\t\t<section id=\"services\" class=\"services-area\">\n\t\t\t<div class=\"container\">\n\t\t\t\t<h3 class=\"widget-title\"><span class=\"wow bounce\">T\u00e4yden palvelun rengasliike<\/span><\/h3>\t\t\t\t\t\t\t\t\t\t\t\t\t\t\t\t\t\t\t<div class=\"service col-md-4 col-sm-6 col-xs-6\">\n\t\t\t\t\t\t\t\t\t\t\t\t\t\t\t\t\t\t\t\t<span class=\"service-icon wow zoomInDown\"><i class=\"fa fa-wrench\"><\/i><\/span>\t\t\t\t\t\t\t\t\t\t\t\t<h4 class=\"service-title wow fadeInUp\"><a href=\"https:\/\/vesalanrengas.fi\/henkiloautot\/palvelut\">Rengasty\u00f6t ja asennukset<\/a><\/h4><div class=\"service-desc wow fadeInUp\">Teet\u00e4 rengasty\u00f6si meill\u00e4 ja s\u00e4\u00e4st\u00e4t aikaa, vaivaa ja rahaa. Ota yhteytt\u00e4 puhelimitse, s\u00e4hk\u00f6postilla tai tule k\u00e4ym\u00e4\u00e4n.<\/div>\t\t\t\t\t<\/div>\n\t\t\t\t\t\t\t\t\t\t\t\t\t\t\t\t\t\t\t<div class=\"service col-md-4 col-sm-6 col-xs-6\">\n\t\t\t\t\t\t\t\t\t\t\t\t\t\t\t\t\t\t\t\t<span class=\"service-icon wow zoomInDown\"><i class=\"fa fa-automobile\"><\/i><\/span>\t\t\t\t\t\t\t\t\t\t\t\t<h4 class=\"service-title wow fadeInUp\"><a href=\"https:\/\/vesalanrengas.fi\/henkiloautot\/rengashotelli\">Renkaiden kausis\u00e4ilytys<\/a><\/h4><div class=\"service-desc wow fadeInUp\">Tarjoamme renkaiden kausis\u00e4ilytyst\u00e4 (rengashotelli) edulliseen kausihintaan. Ota yhteytt\u00e4 puhelimella, s\u00e4hk\u00f6postitse tai tule k\u00e4ym\u00e4\u00e4n.<\/div>\t\t\t\t\t<\/div>\n\t\t\t\t\t\t\t\t\t\t\t\t\t\t\t\t\t\t\t<div class=\"service col-md-4 col-sm-6 col-xs-6\">\n\t\t\t\t\t\t\t\t\t\t\t\t\t\t\t\t\t\t\t\t<span class=\"service-icon wow zoomInDown\"><i class=\"fa fa-life-saver\"><\/i><\/span>\t\t\t\t\t\t\t\t\t\t\t\t<h4 class=\"service-title wow fadeInUp\"><a href=\"https:\/\/vesalanrengas.fi\/henkiloautot\/hinnasto\/\">Rengasty\u00f6hinnasto<\/a><\/h4><div class=\"service-desc wow fadeInUp\">Meilt\u00e4 saat haluamasti ja tarvitsemasi renkaat. Ota yhteytt\u00e4 puhelimella, s\u00e4hk\u00f6postilla tai tule k\u00e4ym\u00e4\u00e4n.<\/div>\t\t\t\t\t<\/div>\n\t\t\t\t\t\t\t<\/div>\n\t\t\t\t\t\t\t\t\t\n\t\t<\/section>\t\t\n\t<\/div><\/div><\/div><\/div><\/div><div id=\"pg-24-2\"  class=\"panel-grid panel-has-style\" ><div style=\"background-color: #cedc00; color: #111111; \" class=\"panel-row-style panel-row-style-for-24-2\" ><div id=\"pgc-24-2-0\"  class=\"panel-grid-cell\" ><div id=\"panel-24-2-0-0\" class=\"so-panel widget widget_sow-editor panel-first-child panel-last-child\" data-index=\"3\" ><div class=\"panel-widget-style panel-widget-style-for-24-2-0-0\" ><div\n\t\t\t\n\t\t\tclass=\"so-widget-sow-editor so-widget-sow-editor-base\"\n\t\t\t\n\t\t>\n<div class=\"siteorigin-widget-tinymce textwidget\">\n\t<h2 style=\"text-align: center;\">PALVELEMME Ma-Pe 8-17<\/h2>\n<h2 style=\"text-align: center;\">(sesonkiaikoina my\u00f6s La 9-14)<\/h2>\n<\/div>\n<\/div><\/div><\/div><\/div><\/div><\/div><div id=\"pg-24-3\"  class=\"panel-grid panel-has-style\" ><div style=\"background-color: #111111; color: #111111; \" class=\"panel-row-style panel-row-style-for-24-3\" ><div id=\"pgc-24-3-0\"  class=\"panel-grid-cell\" ><div id=\"panel-24-3-0-0\" class=\"so-panel widget widget_sow-image panel-first-child panel-last-child\" data-index=\"4\" ><div\n\t\t\t\n\t\t\tclass=\"so-widget-sow-image so-widget-sow-image-default-8b5b6f678277-36\"\n\t\t\t\n\t\t>\n<div class=\"sow-image-container\">\n\t\t<img \n\tsrc=\"https:\/\/vesalanrengas.fi\/henkiloautot\/wp-content\/uploads\/sites\/3\/2020\/10\/rengas-banner7.png\" width=\"960\" height=\"135\" srcset=\"https:\/\/vesalanrengas.fi\/henkiloautot\/wp-content\/uploads\/sites\/3\/2020\/10\/rengas-banner7.png 960w, https:\/\/vesalanrengas.fi\/henkiloautot\/wp-content\/uploads\/sites\/3\/2020\/10\/rengas-banner7-300x42.png 300w, https:\/\/vesalanrengas.fi\/henkiloautot\/wp-content\/uploads\/sites\/3\/2020\/10\/rengas-banner7-768x108.png 768w, https:\/\/vesalanrengas.fi\/henkiloautot\/wp-content\/uploads\/sites\/3\/2020\/10\/rengas-banner7-750x105.png 750w, https:\/\/vesalanrengas.fi\/henkiloautot\/wp-content\/uploads\/sites\/3\/2020\/10\/rengas-banner7-400x56.png 400w, https:\/\/vesalanrengas.fi\/henkiloautot\/wp-content\/uploads\/sites\/3\/2020\/10\/rengas-banner7-430x60.png 430w, https:\/\/vesalanrengas.fi\/henkiloautot\/wp-content\/uploads\/sites\/3\/2020\/10\/rengas-banner7-150x21.png 150w, https:\/\/vesalanrengas.fi\/henkiloautot\/wp-content\/uploads\/sites\/3\/2020\/10\/rengas-banner7-100x14.png 100w\" sizes=\"(max-width: 960px) 100vw, 960px\" alt=\"\" \t\tclass=\"so-widget-image\"\/>\n\t<\/div>\n\n<\/div><\/div><\/div><\/div><\/div><\/div>","protected":false},"excerpt":{"rendered":"<p>Vesalan Rengas on Hollolassa toimiva yritys, joka myy renkaita ja tarjoaa renkaiden kausis\u00e4ilytyst\u00e4, rengast\u00f6it\u00e4 sek\u00e4 rengasasennuksia. Saat meilt\u00e4 tarvitsemasi rengashuollot, uudet renkaat, renkaiden kausis\u00e4ilytykset sek\u00e4 rengasty\u00f6t. PALVELEMME Ma-Pe 8-17 (sesonkiaikoina [&hellip;]<\/p>\n","protected":false},"author":1,"featured_media":0,"parent":0,"menu_order":0,"comment_status":"closed","ping_status":"closed","template":"page_front-page.php","meta":{"footnotes":""},"class_list":["post-24","page","type-page","status-publish","hentry"],"_links":{"self":[{"href":"https:\/\/vesalanrengas.fi\/henkiloautot\/wp-json\/wp\/v2\/pages\/24","targetHints":{"allow":["GET"]}}],"collection":[{"href":"https:\/\/vesalanrengas.fi\/henkiloautot\/wp-json\/wp\/v2\/pages"}],"about":[{"href":"https:\/\/vesalanrengas.fi\/henkiloautot\/wp-json\/wp\/v2\/types\/page"}],"author":[{"embeddable":true,"href":"https:\/\/vesalanrengas.fi\/henkiloautot\/wp-json\/wp\/v2\/users\/1"}],"replies":[{"embeddable":true,"href":"https:\/\/vesalanrengas.fi\/henkiloautot\/wp-json\/wp\/v2\/comments?post=24"}],"version-history":[{"count":35,"href":"https:\/\/vesalanrengas.fi\/henkiloautot\/wp-json\/wp\/v2\/pages\/24\/revisions"}],"predecessor-version":[{"id":347,"href":"https:\/\/vesalanrengas.fi\/henkiloautot\/wp-json\/wp\/v2\/pages\/24\/revisions\/347"}],"wp:attachment":[{"href":"https:\/\/vesalanrengas.fi\/henkiloautot\/wp-json\/wp\/v2\/media?parent=24"}],"curies":[{"name":"wp","href":"https:\/\/api.w.org\/{rel}","templated":true}]}}