{"id":169,"date":"2022-03-19T00:44:57","date_gmt":"2022-03-18T22:44:57","guid":{"rendered":"https:\/\/vesalanrengas.fi\/henkiloautot\/?page_id=169"},"modified":"2022-03-19T01:40:57","modified_gmt":"2022-03-18T23:40:57","slug":"rahoitus-svea","status":"publish","type":"page","link":"https:\/\/vesalanrengas.fi\/henkiloautot\/rahoitus\/rahoitus-svea\/","title":{"rendered":"Rahoitus &#8211; Svea"},"content":{"rendered":"<div id=\"pl-169\"  class=\"panel-layout\" ><div id=\"pg-169-0\"  class=\"panel-grid panel-no-style\" ><div id=\"pgc-169-0-0\"  class=\"panel-grid-cell\" ><div id=\"panel-169-0-0-0\" class=\"so-panel widget widget_sow-editor panel-first-child\" data-index=\"0\" ><div\n\t\t\t\n\t\t\tclass=\"so-widget-sow-editor so-widget-sow-editor-base\"\n\t\t\t\n\t\t>\n<div class=\"siteorigin-widget-tinymce textwidget\">\n\t<\/div>\n<\/div><\/div><div id=\"panel-169-0-0-1\" class=\"so-panel widget widget_sow-editor panel-last-child\" data-index=\"1\" ><div\n\t\t\t\n\t\t\tclass=\"so-widget-sow-editor so-widget-sow-editor-base\"\n\t\t\t\n\t\t><h3 class=\"widget-title\">Maksa laskulla<\/h3>\n<div class=\"siteorigin-widget-tinymce textwidget\">\n\t<p style=\"text-align: center;\"><img loading=\"lazy\" decoding=\"async\" class=\"alignnone size-full wp-image-185\" src=\"http:\/\/vesalanrengas.fi\/henkiloautot\/wp-content\/uploads\/sites\/3\/2022\/03\/Svea_RC_Lasku2_980x400.jpg\" alt=\"\" width=\"980\" height=\"400\" srcset=\"https:\/\/vesalanrengas.fi\/henkiloautot\/wp-content\/uploads\/sites\/3\/2022\/03\/Svea_RC_Lasku2_980x400.jpg 980w, https:\/\/vesalanrengas.fi\/henkiloautot\/wp-content\/uploads\/sites\/3\/2022\/03\/Svea_RC_Lasku2_980x400-300x122.jpg 300w, https:\/\/vesalanrengas.fi\/henkiloautot\/wp-content\/uploads\/sites\/3\/2022\/03\/Svea_RC_Lasku2_980x400-768x313.jpg 768w, https:\/\/vesalanrengas.fi\/henkiloautot\/wp-content\/uploads\/sites\/3\/2022\/03\/Svea_RC_Lasku2_980x400-750x306.jpg 750w, https:\/\/vesalanrengas.fi\/henkiloautot\/wp-content\/uploads\/sites\/3\/2022\/03\/Svea_RC_Lasku2_980x400-400x163.jpg 400w, https:\/\/vesalanrengas.fi\/henkiloautot\/wp-content\/uploads\/sites\/3\/2022\/03\/Svea_RC_Lasku2_980x400-430x176.jpg 430w, https:\/\/vesalanrengas.fi\/henkiloautot\/wp-content\/uploads\/sites\/3\/2022\/03\/Svea_RC_Lasku2_980x400-150x61.jpg 150w, https:\/\/vesalanrengas.fi\/henkiloautot\/wp-content\/uploads\/sites\/3\/2022\/03\/Svea_RC_Lasku2_980x400-100x41.jpg 100w\" sizes=\"auto, (max-width: 980px) 100vw, 980px\" \/><\/p>\n<p>Maksa laskulla - yksityisille ja yrityksille<\/p>\n<p>Svea Ekonomin lasku ovat luotettava ja helppo tapa maksaa ostoksesi vasta ostotapahtuman j\u00e4lkeen. Laskulla saat ostoksillesi 14 p\u00e4iv\u00e4\u00e4 korotonta maksuaikaa. Laskun saatuasi kuluttajana voit valita haluatko maksaa koko tilauksen kerralla vai pienemmiss\u00e4 kuukausieriss\u00e4.<\/p>\n<p>Laskua voit k\u00e4ytt\u00e4\u00e4 5000 euron ostoksiin asti.<\/p>\n<h4><strong>Kerro myym\u00e4l\u00e4ss\u00e4 maksavasi laskulla.<\/strong><\/h4>\n<\/div>\n<\/div><\/div><\/div><\/div><div id=\"pg-169-1\"  class=\"panel-grid panel-no-style\" ><div id=\"pgc-169-1-0\"  class=\"panel-grid-cell\" ><div id=\"panel-169-1-0-0\" class=\"so-panel widget widget_sow-editor panel-first-child\" data-index=\"2\" ><div\n\t\t\t\n\t\t\tclass=\"so-widget-sow-editor so-widget-sow-editor-base\"\n\t\t\t\n\t\t><h3 class=\"widget-title\">Maksa er\u00e4maksulla<\/h3>\n<div class=\"siteorigin-widget-tinymce textwidget\">\n\t<p style=\"text-align: center;\"><a href=\"https:\/\/self3.svea.com\/Apply\/dacdfdb7-485f-4787-8a9e-2510358f12b6\" target=\"_blank\" rel=\"noopener\"><img loading=\"lazy\" decoding=\"async\" class=\"alignnone wp-image-186 size-full\" src=\"http:\/\/vesalanrengas.fi\/henkiloautot\/wp-content\/uploads\/sites\/3\/2022\/03\/Svea_RC_Eramaksu2_980x400.jpg\" alt=\"\" width=\"980\" height=\"400\" srcset=\"https:\/\/vesalanrengas.fi\/henkiloautot\/wp-content\/uploads\/sites\/3\/2022\/03\/Svea_RC_Eramaksu2_980x400.jpg 980w, https:\/\/vesalanrengas.fi\/henkiloautot\/wp-content\/uploads\/sites\/3\/2022\/03\/Svea_RC_Eramaksu2_980x400-300x122.jpg 300w, https:\/\/vesalanrengas.fi\/henkiloautot\/wp-content\/uploads\/sites\/3\/2022\/03\/Svea_RC_Eramaksu2_980x400-768x313.jpg 768w, https:\/\/vesalanrengas.fi\/henkiloautot\/wp-content\/uploads\/sites\/3\/2022\/03\/Svea_RC_Eramaksu2_980x400-750x306.jpg 750w, https:\/\/vesalanrengas.fi\/henkiloautot\/wp-content\/uploads\/sites\/3\/2022\/03\/Svea_RC_Eramaksu2_980x400-400x163.jpg 400w, https:\/\/vesalanrengas.fi\/henkiloautot\/wp-content\/uploads\/sites\/3\/2022\/03\/Svea_RC_Eramaksu2_980x400-430x176.jpg 430w, https:\/\/vesalanrengas.fi\/henkiloautot\/wp-content\/uploads\/sites\/3\/2022\/03\/Svea_RC_Eramaksu2_980x400-150x61.jpg 150w, https:\/\/vesalanrengas.fi\/henkiloautot\/wp-content\/uploads\/sites\/3\/2022\/03\/Svea_RC_Eramaksu2_980x400-100x41.jpg 100w\" sizes=\"auto, (max-width: 980px) 100vw, 980px\" \/><\/a><\/p>\n<p>Maksa er\u00e4maksulla - 10 kk korotonta maksuaikaa!<\/p>\n<p>Voit hakea luottop\u00e4\u00e4t\u00f6ksen helposti <em>t\u00e4st\u00e4<\/em> jo ennakkoon \u2013 n\u00e4in luotto on valmiina, kun saavut ostoksille. Voit my\u00f6s halutessasi ensin k\u00e4yd\u00e4 myym\u00e4l\u00e4ss\u00e4, ja hakea luottoa k\u00e4ynnin j\u00e4lkeen omalta kotisohvaltasi. Miten ikin\u00e4 teetkin, on luottop\u00e4\u00e4t\u00f6s voimassa 90 p\u00e4iv\u00e4\u00e4, joten voit mietti\u00e4 ostop\u00e4\u00e4t\u00f6st\u00e4 rauhassa.<\/p>\n<p>Er\u00e4maksulla voit maksaa 10\u00a0000 euron ostoksesi jopa 60kk:n maksuajalla!<\/p>\n<p><em>10 kk koroton maksuaika -Kampanjaluoton tyypillist\u00e4 k\u00e4ytt\u00f6\u00e4 kuvaava luotto 1000 \u20ac, maksuaika 10 kk. Luottokustannukset yhteens\u00e4 30 \u20ac (avausmaksu 0 \u20ac, korko 0 % ja kuukausikulu 3 \u20ac), todellinen vuosikorko 6,69 %. Kuluttajasuojalain mukainen luottohinta 1030 \u20ac. Kertalyhennyksen suuruus esimerkkilaskelmalla 103 \u20ac. Luotonmy\u00f6nt\u00e4j\u00e4 on Svea Ekonomi AB (publ), Filial i Finland, Mechelininkatu 1a, 00180 Helsinki. Svea voi sopia myyj\u00e4liikkeen kanssa poikkeavista hinnoista.<\/em><\/p>\n<\/div>\n<\/div><\/div><div id=\"panel-169-1-0-1\" class=\"so-panel widget widget_sow-button\" data-index=\"3\" ><div\n\t\t\t\n\t\t\tclass=\"so-widget-sow-button so-widget-sow-button-atom-f54c0409268f-169\"\n\t\t\t\n\t\t><div class=\"ow-button-base ow-button-align-center\"\n>\n\t\t\t<a\n\t\t\t\t\thref=\"https:\/\/self3.svea.com\/Apply\/dacdfdb7-485f-4787-8a9e-2510358f12b6\"\n\t\t\t\t\tclass=\"sowb-button ow-icon-placement-left ow-button-hover\" target=\"_blank\" rel=\"noopener noreferrer\" \t>\n\t\t<span>\n\t\t\t\n\t\t\tHae er\u00e4maksua t\u00e4st\u00e4\t\t<\/span>\n\t\t\t<\/a>\n\t<\/div>\n<\/div><\/div><div id=\"panel-169-1-0-2\" class=\"so-panel widget widget_sow-editor panel-last-child\" data-index=\"4\" ><div\n\t\t\t\n\t\t\tclass=\"so-widget-sow-editor so-widget-sow-editor-base\"\n\t\t\t\n\t\t>\n<div class=\"siteorigin-widget-tinymce textwidget\">\n\t<\/div>\n<\/div><\/div><\/div><\/div><div id=\"pg-169-2\"  class=\"panel-grid panel-no-style\" ><div id=\"pgc-169-2-0\"  class=\"panel-grid-cell\" ><div id=\"panel-169-2-0-0\" class=\"so-panel widget widget_sow-editor panel-first-child\" data-index=\"5\" ><div\n\t\t\t\n\t\t\tclass=\"so-widget-sow-editor so-widget-sow-editor-base\"\n\t\t\t\n\t\t><h3 class=\"widget-title\">Yrityslimiitti<\/h3>\n<div class=\"siteorigin-widget-tinymce textwidget\">\n\t<p style=\"text-align: center;\"><a href=\"https:\/\/foretagskredit.svea.com\/fi\/Account\/Login?utm_source=Rengascenter&amp;utm_medium=partner&amp;utm_campaign=partner&amp;utm_content=Rengascenter&amp;bcpartner=Rengascenter\" target=\"_blank\" rel=\"noopener\"><img loading=\"lazy\" decoding=\"async\" class=\"alignnone wp-image-189 size-full\" src=\"http:\/\/vesalanrengas.fi\/henkiloautot\/wp-content\/uploads\/sites\/3\/2022\/03\/Svea_RC_Yrityslimiitti2_980x400.jpg\" alt=\"\" width=\"980\" height=\"400\" srcset=\"https:\/\/vesalanrengas.fi\/henkiloautot\/wp-content\/uploads\/sites\/3\/2022\/03\/Svea_RC_Yrityslimiitti2_980x400.jpg 980w, https:\/\/vesalanrengas.fi\/henkiloautot\/wp-content\/uploads\/sites\/3\/2022\/03\/Svea_RC_Yrityslimiitti2_980x400-300x122.jpg 300w, https:\/\/vesalanrengas.fi\/henkiloautot\/wp-content\/uploads\/sites\/3\/2022\/03\/Svea_RC_Yrityslimiitti2_980x400-768x313.jpg 768w, https:\/\/vesalanrengas.fi\/henkiloautot\/wp-content\/uploads\/sites\/3\/2022\/03\/Svea_RC_Yrityslimiitti2_980x400-750x306.jpg 750w, https:\/\/vesalanrengas.fi\/henkiloautot\/wp-content\/uploads\/sites\/3\/2022\/03\/Svea_RC_Yrityslimiitti2_980x400-400x163.jpg 400w, https:\/\/vesalanrengas.fi\/henkiloautot\/wp-content\/uploads\/sites\/3\/2022\/03\/Svea_RC_Yrityslimiitti2_980x400-430x176.jpg 430w, https:\/\/vesalanrengas.fi\/henkiloautot\/wp-content\/uploads\/sites\/3\/2022\/03\/Svea_RC_Yrityslimiitti2_980x400-150x61.jpg 150w, https:\/\/vesalanrengas.fi\/henkiloautot\/wp-content\/uploads\/sites\/3\/2022\/03\/Svea_RC_Yrityslimiitti2_980x400-100x41.jpg 100w\" sizes=\"auto, (max-width: 980px) 100vw, 980px\" \/><\/a><\/p>\n<p><strong>Yrityslimiitti<\/strong> - joustava yritysluotto ilman vakuuksia<\/p>\n<p>Yrityslimiitill\u00e4 rahoitusta yritykselle jopa 100 000 euroa - hakemus hoituu helposti verkossa, ja lainap\u00e4\u00e4t\u00f6ksen saat heti.<\/p>\n<\/div>\n<\/div><\/div><div id=\"panel-169-2-0-1\" class=\"so-panel widget widget_sow-button\" data-index=\"6\" ><div\n\t\t\t\n\t\t\tclass=\"so-widget-sow-button so-widget-sow-button-atom-f54c0409268f-169\"\n\t\t\t\n\t\t><div class=\"ow-button-base ow-button-align-center\"\n>\n\t\t\t<a\n\t\t\t\t\thref=\"https:\/\/foretagskredit.svea.com\/fi\/Account\/Login?utm_source=Rengascenter&#038;utm_medium=partner&#038;utm_campaign=partner&#038;utm_content=Rengascenter&#038;bcpartner=Rengascenter\"\n\t\t\t\t\tclass=\"sowb-button ow-icon-placement-left ow-button-hover\" target=\"_blank\" rel=\"noopener noreferrer\" \t>\n\t\t<span>\n\t\t\t\n\t\t\tHae yrityslimiitti\u00e4 t\u00e4st\u00e4\t\t<\/span>\n\t\t\t<\/a>\n\t<\/div>\n<\/div><\/div><div id=\"panel-169-2-0-2\" class=\"so-panel widget widget_sow-editor panel-last-child\" data-index=\"7\" ><div\n\t\t\t\n\t\t\tclass=\"so-widget-sow-editor so-widget-sow-editor-base\"\n\t\t\t\n\t\t>\n<div class=\"siteorigin-widget-tinymce textwidget\">\n\t<\/div>\n<\/div><\/div><\/div><\/div><\/div>","protected":false},"excerpt":{"rendered":"<p>Maksa laskulla &#8211; yksityisille ja yrityksille Svea Ekonomin lasku ovat luotettava ja helppo tapa maksaa ostoksesi vasta ostotapahtuman j\u00e4lkeen. Laskulla saat ostoksillesi 14 p\u00e4iv\u00e4\u00e4 korotonta maksuaikaa. Laskun saatuasi kuluttajana voit [&hellip;]<\/p>\n","protected":false},"author":1,"featured_media":0,"parent":168,"menu_order":0,"comment_status":"closed","ping_status":"closed","template":"page_front-page.php","meta":{"footnotes":""},"class_list":["post-169","page","type-page","status-publish","hentry"],"_links":{"self":[{"href":"https:\/\/vesalanrengas.fi\/henkiloautot\/wp-json\/wp\/v2\/pages\/169","targetHints":{"allow":["GET"]}}],"collection":[{"href":"https:\/\/vesalanrengas.fi\/henkiloautot\/wp-json\/wp\/v2\/pages"}],"about":[{"href":"https:\/\/vesalanrengas.fi\/henkiloautot\/wp-json\/wp\/v2\/types\/page"}],"author":[{"embeddable":true,"href":"https:\/\/vesalanrengas.fi\/henkiloautot\/wp-json\/wp\/v2\/users\/1"}],"replies":[{"embeddable":true,"href":"https:\/\/vesalanrengas.fi\/henkiloautot\/wp-json\/wp\/v2\/comments?post=169"}],"version-history":[{"count":6,"href":"https:\/\/vesalanrengas.fi\/henkiloautot\/wp-json\/wp\/v2\/pages\/169\/revisions"}],"predecessor-version":[{"id":192,"href":"https:\/\/vesalanrengas.fi\/henkiloautot\/wp-json\/wp\/v2\/pages\/169\/revisions\/192"}],"up":[{"embeddable":true,"href":"https:\/\/vesalanrengas.fi\/henkiloautot\/wp-json\/wp\/v2\/pages\/168"}],"wp:attachment":[{"href":"https:\/\/vesalanrengas.fi\/henkiloautot\/wp-json\/wp\/v2\/media?parent=169"}],"curies":[{"name":"wp","href":"https:\/\/api.w.org\/{rel}","templated":true}]}}