{"id":48,"date":"2020-10-28T19:07:54","date_gmt":"2020-10-28T17:07:54","guid":{"rendered":"http:\/\/vesalanrengas.fi\/henkiloautot\/?page_id=48"},"modified":"2025-02-19T14:02:25","modified_gmt":"2025-02-19T12:02:25","slug":"rengashotelli","status":"publish","type":"page","link":"http:\/\/vesalanrengas.fi\/henkiloautot\/rengashotelli\/","title":{"rendered":"Rengashotelli"},"content":{"rendered":"<div id=\"pl-48\"  class=\"panel-layout\" ><div id=\"pg-48-0\"  class=\"panel-grid panel-no-style\" ><div id=\"pgc-48-0-0\"  class=\"panel-grid-cell\" ><div id=\"panel-48-0-0-0\" class=\"so-panel widget widget_sow-editor panel-first-child panel-last-child\" data-index=\"0\" ><div\n\t\t\t\n\t\t\tclass=\"so-widget-sow-editor so-widget-sow-editor-base\"\n\t\t\t\n\t\t><h3 class=\"widget-title\">Kausis\u00e4ilytys<\/h3>\n<div class=\"siteorigin-widget-tinymce textwidget\">\n\t<p>J\u00e4t\u00e4 rengasmurheet taaksesi ja anna renkaasi meille kausis\u00e4ilytykseen (rengashotelliin). Monien helpoksi kokema kausis\u00e4ilytys takaa, ett\u00e4 renkaasi ovat turvassa ja odottamassa huolettomasti seuraavaa kautta. Me pid\u00e4mme huolta renkaistasi ja vanteistasi, ilmoitamme sinulle kun renkaasi alkavat olla vaihdon tarpeessa. Ajat vain meille ja anna meid\u00e4n tehd\u00e4 kaikki likainen ty\u00f6 puolestasi. Me huollamme renkaasi ja vaihdamme hetkess\u00e4 renkaat autoosi.<\/p>\n<p><strong>Kausis\u00e4ilytys sis\u00e4lt\u00e4\u00e4 varastoon menevien renkaiden:<\/strong><\/p>\n<ul class=\"clearfix bold\">\n<li>Pesun<\/li>\n<li>Varastoinnin turvallisessa vakuutetussa tilassa<\/li>\n<li>Renkaiden kunnon arvioinnin kaksi kertaa vuodessa<\/li>\n<li>Renkaiden vaihdot<\/li>\n<\/ul>\n<p>Jos varastoit useampia sarjoja p\u00e4\u00e4semme varmaan johonkin hyv\u00e4\u00e4n sopimukseen.<\/p>\n<p style=\"text-align: center;\"><img loading=\"lazy\" decoding=\"async\" class=\"alignnone size-large wp-image-355\" src=\"http:\/\/vesalanrengas.fi\/henkiloautot\/wp-content\/uploads\/sites\/3\/2025\/02\/rengashotelli2025-724x1024.jpg\" alt=\"\" width=\"724\" height=\"1024\" srcset=\"http:\/\/vesalanrengas.fi\/henkiloautot\/wp-content\/uploads\/sites\/3\/2025\/02\/rengashotelli2025-724x1024.jpg 724w, http:\/\/vesalanrengas.fi\/henkiloautot\/wp-content\/uploads\/sites\/3\/2025\/02\/rengashotelli2025-212x300.jpg 212w, http:\/\/vesalanrengas.fi\/henkiloautot\/wp-content\/uploads\/sites\/3\/2025\/02\/rengashotelli2025-768x1086.jpg 768w, http:\/\/vesalanrengas.fi\/henkiloautot\/wp-content\/uploads\/sites\/3\/2025\/02\/rengashotelli2025-750x1061.jpg 750w, http:\/\/vesalanrengas.fi\/henkiloautot\/wp-content\/uploads\/sites\/3\/2025\/02\/rengashotelli2025-400x566.jpg 400w, http:\/\/vesalanrengas.fi\/henkiloautot\/wp-content\/uploads\/sites\/3\/2025\/02\/rengashotelli2025-430x608.jpg 430w, http:\/\/vesalanrengas.fi\/henkiloautot\/wp-content\/uploads\/sites\/3\/2025\/02\/rengashotelli2025-150x212.jpg 150w, http:\/\/vesalanrengas.fi\/henkiloautot\/wp-content\/uploads\/sites\/3\/2025\/02\/rengashotelli2025-100x141.jpg 100w, http:\/\/vesalanrengas.fi\/henkiloautot\/wp-content\/uploads\/sites\/3\/2025\/02\/rengashotelli2025.jpg 905w\" sizes=\"auto, (max-width: 724px) 100vw, 724px\" \/><\/p>\n<\/div>\n<\/div><\/div><\/div><\/div><div id=\"pg-48-1\"  class=\"panel-grid panel-has-style\" ><div style=\"background-color: #cedc00; color: #111111; \" class=\"panel-row-style panel-row-style-for-48-1\" ><div id=\"pgc-48-1-0\"  class=\"panel-grid-cell\" ><div id=\"panel-48-1-0-0\" class=\"so-panel widget widget_sow-editor panel-first-child panel-last-child\" data-index=\"1\" ><div\n\t\t\t\n\t\t\tclass=\"so-widget-sow-editor so-widget-sow-editor-base\"\n\t\t\t\n\t\t>\n<div class=\"siteorigin-widget-tinymce textwidget\">\n\t<h2 style=\"text-align: center;\">PALVELEMME Ma-Pe 8-17<br \/>\n(sesonkiaikoina my\u00f6s La 9-14)<\/h2>\n<\/div>\n<\/div><\/div><\/div><\/div><\/div><div id=\"pg-48-2\"  class=\"panel-grid panel-has-style\" ><div style=\"background-color: #111111; color: #111111; \" class=\"panel-row-style panel-row-style-for-48-2\" ><div id=\"pgc-48-2-0\"  class=\"panel-grid-cell\" ><div id=\"panel-48-2-0-0\" class=\"so-panel widget widget_sow-image panel-first-child panel-last-child\" data-index=\"2\" ><div\n\t\t\t\n\t\t\tclass=\"so-widget-sow-image so-widget-sow-image-default-8b5b6f678277-48\"\n\t\t\t\n\t\t>\n<div class=\"sow-image-container\">\n\t\t<img \n\tsrc=\"http:\/\/vesalanrengas.fi\/henkiloautot\/wp-content\/uploads\/sites\/3\/2020\/10\/rengas-banner7.png\" width=\"960\" height=\"135\" srcset=\"http:\/\/vesalanrengas.fi\/henkiloautot\/wp-content\/uploads\/sites\/3\/2020\/10\/rengas-banner7.png 960w, http:\/\/vesalanrengas.fi\/henkiloautot\/wp-content\/uploads\/sites\/3\/2020\/10\/rengas-banner7-300x42.png 300w, http:\/\/vesalanrengas.fi\/henkiloautot\/wp-content\/uploads\/sites\/3\/2020\/10\/rengas-banner7-768x108.png 768w, http:\/\/vesalanrengas.fi\/henkiloautot\/wp-content\/uploads\/sites\/3\/2020\/10\/rengas-banner7-750x105.png 750w, http:\/\/vesalanrengas.fi\/henkiloautot\/wp-content\/uploads\/sites\/3\/2020\/10\/rengas-banner7-400x56.png 400w, http:\/\/vesalanrengas.fi\/henkiloautot\/wp-content\/uploads\/sites\/3\/2020\/10\/rengas-banner7-430x60.png 430w, http:\/\/vesalanrengas.fi\/henkiloautot\/wp-content\/uploads\/sites\/3\/2020\/10\/rengas-banner7-150x21.png 150w, http:\/\/vesalanrengas.fi\/henkiloautot\/wp-content\/uploads\/sites\/3\/2020\/10\/rengas-banner7-100x14.png 100w\" sizes=\"(max-width: 960px) 100vw, 960px\" alt=\"\" \t\tclass=\"so-widget-image\"\/>\n\t<\/div>\n\n<\/div><\/div><\/div><\/div><\/div><\/div>","protected":false},"excerpt":{"rendered":"<p>J\u00e4t\u00e4 rengasmurheet taaksesi ja anna renkaasi meille kausis\u00e4ilytykseen (rengashotelliin). Monien helpoksi kokema kausis\u00e4ilytys takaa, ett\u00e4 renkaasi ovat turvassa ja odottamassa huolettomasti seuraavaa kautta. Me pid\u00e4mme huolta renkaistasi ja vanteistasi, ilmoitamme [&hellip;]<\/p>\n","protected":false},"author":1,"featured_media":0,"parent":0,"menu_order":0,"comment_status":"closed","ping_status":"closed","template":"page_front-page.php","meta":{"footnotes":""},"class_list":["post-48","page","type-page","status-publish","hentry"],"_links":{"self":[{"href":"http:\/\/vesalanrengas.fi\/henkiloautot\/wp-json\/wp\/v2\/pages\/48","targetHints":{"allow":["GET"]}}],"collection":[{"href":"http:\/\/vesalanrengas.fi\/henkiloautot\/wp-json\/wp\/v2\/pages"}],"about":[{"href":"http:\/\/vesalanrengas.fi\/henkiloautot\/wp-json\/wp\/v2\/types\/page"}],"author":[{"embeddable":true,"href":"http:\/\/vesalanrengas.fi\/henkiloautot\/wp-json\/wp\/v2\/users\/1"}],"replies":[{"embeddable":true,"href":"http:\/\/vesalanrengas.fi\/henkiloautot\/wp-json\/wp\/v2\/comments?post=48"}],"version-history":[{"count":15,"href":"http:\/\/vesalanrengas.fi\/henkiloautot\/wp-json\/wp\/v2\/pages\/48\/revisions"}],"predecessor-version":[{"id":356,"href":"http:\/\/vesalanrengas.fi\/henkiloautot\/wp-json\/wp\/v2\/pages\/48\/revisions\/356"}],"wp:attachment":[{"href":"http:\/\/vesalanrengas.fi\/henkiloautot\/wp-json\/wp\/v2\/media?parent=48"}],"curies":[{"name":"wp","href":"https:\/\/api.w.org\/{rel}","templated":true}]}}